{"id":4824,"date":"2025-12-04T10:39:09","date_gmt":"2025-12-04T09:39:09","guid":{"rendered":"https:\/\/elpinar.eu\/politica-de-cookies\/"},"modified":"2026-03-24T09:35:46","modified_gmt":"2026-03-24T08:35:46","slug":"politica-de-cookies","status":"publish","type":"page","link":"https:\/\/elpinar.eu\/pt-pt\/politica-de-cookies\/","title":{"rendered":"Pol\u00edtica de cookies"},"content":{"rendered":"\n<section class=\"wp-block-microbio-blocks-section-v2 is-style-section-pd-xl child-default section-align-center alignfull\" style=\"--min-height:0;--min-height-mobile:0\" data-animation-enter=\"alpha\"><h1 class=\"wp-block-post-title has-heading-2-font-size\">Pol\u00edtica de cookies<\/h1>\n\n\n<p>Este website <a href=\"https:\/\/elpinar.eu\/\">https:\/\/elpinar.eu\/<\/a> (o &#8220;<strong>Website<\/strong>&#8220;), propriedade da <strong>EL PINAR BERRIES, S.L.U.<\/strong> (doravante, os &#8220;<strong>PINAR BERRIES&#8221;),<\/strong> utiliza uma tecnologia chamada &#8220;cookies&#8221; para recolher informa\u00e7\u00f5es sobre o uso que lhes faz, facilitando a navega\u00e7\u00e3o, distinguindo-o de outros utilizadores e analisando os seus h\u00e1bitos de navega\u00e7\u00e3o.<\/p>\n\n\n\n<p>O objetivo desta pol\u00edtica de cookies \u00e9 inform\u00e1-lo de forma clara e precisa sobre os cookies utilizados no nosso site (a &#8220;<strong>Pol\u00edtica de Cookies<\/strong>&#8220;).<\/p>\n\n\n\n<ol class=\"wp-block-list\">\n<li><strong>O QUE S\u00c3O BOLACHAS?<\/strong><\/li>\n<\/ol>\n\n\n\n<p>Um cookie \u00e9 um ficheiro que \u00e9 descarregado para o seu computador (computador ou dispositivo m\u00f3vel) para armazenar dados de navega\u00e7\u00e3o que podem ser atualizados e recuperados pela entidade respons\u00e1vel pela sua instala\u00e7\u00e3o.<\/p>\n\n\n\n<p>A informa\u00e7\u00e3o recolhida atrav\u00e9s de cookies pode incluir endere\u00e7o IP, data e hora das visitas ao Website, p\u00e1ginas visualizadas dentro do Website, tempo passado no Website e sites visitados pouco antes e depois do Website, bem como outros dados de navega\u00e7\u00e3o. Assim, os cookies permitem-nos obter informa\u00e7\u00f5es sobre os seus h\u00e1bitos de navega\u00e7\u00e3o. <\/p>\n\n\n\n<p>Os nossos usos espec\u00edficos dos cookies s\u00e3o descritos abaixo.<\/p>\n\n\n\n<ol start=\"2\" class=\"wp-block-list\">\n<li><strong>TIPOS DE COOKIES UTILIZADOS NO SITE E FINALIDADES.<\/strong><\/li>\n<\/ol>\n\n\n\n<p>Os seguintes tipos de cookies s\u00e3o utilizados neste Website:<\/p>\n\n\n\n<ul class=\"wp-block-list\">\n<li><strong>Cookies t\u00e9cnicos<\/strong>. &#8211; Estes s\u00e3o aqueles que permitem ao utilizador navegar pelo site e utilizar as diferentes op\u00e7\u00f5es ou servi\u00e7os dispon\u00edveis nele. A sua <strong>utiliza\u00e7\u00e3o n\u00e3o requer o seu consentimento<\/strong> , pois est\u00e3o exclu\u00eddos do \u00e2mbito de aplica\u00e7\u00e3o do artigo 22.2 da Lei 34\/2002, de 11 de julho, relativo aos servi\u00e7os da sociedade da informa\u00e7\u00e3o e ao com\u00e9rcio eletr\u00f3nico. <\/li>\n<\/ul>\n\n\n\n<ul class=\"wp-block-list\">\n<li><strong>Cookies de an\u00e1lise ou medi\u00e7\u00e3o<\/strong>. &#8211; S\u00e3o aqueles que permitem quantificar o n\u00famero de utilizadores e, assim, medir e analisar estatisticamente o uso feito pelo utilizador dos servi\u00e7os oferecidos atrav\u00e9s do Website. Para tal, a sua navega\u00e7\u00e3o no nosso site \u00e9 analisada para melhorar a gama de servi\u00e7os que lhe oferecemos.   <\/li>\n<\/ul>\n\n\n\n<ol start=\"3\" class=\"wp-block-list\">\n<li><strong>IDENTIFICA\u00c7\u00c3O DE QUEM UTILIZA COOKIES.<\/strong><\/li>\n<\/ol>\n\n\n\n<p>Os cookies utilizados por este site s\u00e3o detalhados abaixo.<\/p>\n\n\n\n<p>Alguns s\u00e3o <strong>cookies de primeira parte<\/strong>, ou seja, cookies criados a partir de um computador ou dom\u00ednio gerido pela PINAR BERRIES.<\/p>\n\n\n\n<p>Outros s\u00e3o <strong>cookies de terceiros<\/strong>, ou seja, enviados a partir de um computador ou dom\u00ednio gerido por um terceiro que processa os dados obtidos atrav\u00e9s de cookies.<\/p>\n\n\n\n<figure class=\"wp-block-table\"><table class=\"has-fixed-layout\"><tbody><tr><td class=\"has-text-align-left\" data-align=\"left\"><strong>Cookies<\/strong><\/td><td class=\"has-text-align-left\" data-align=\"left\"><strong>Finalidade<\/strong><\/td><td class=\"has-text-align-left\" data-align=\"left\"><strong>Descri\u00e7\u00e3o objetivo<\/strong><\/td><td class=\"has-text-align-left\" data-align=\"left\"><strong>Manchete e liga\u00e7\u00e3o<\/strong><\/td><td class=\"has-text-align-left\" data-align=\"left\"><strong>Dura\u00e7\u00e3o<\/strong><\/td><\/tr><tr><td class=\"has-text-align-left\" data-align=\"left\">_icl_visitor_lang_js<\/td><td class=\"has-text-align-left\" data-align=\"left\">Funcional<\/td><td class=\"has-text-align-left\" data-align=\"left\">Cookie para armazenar o redirecionamento da l\u00edngua selecionada<\/td><td class=\"has-text-align-left\" data-align=\"left\">BAGAS DE PINHEIRO<\/td><td class=\"has-text-align-left\" data-align=\"left\">1 dia<\/td><\/tr><tr><td class=\"has-text-align-left\" data-align=\"left\">Google Analytics (_ga)<\/td><td class=\"has-text-align-left\" data-align=\"left\">An\u00e1lise<\/td><td class=\"has-text-align-left\" data-align=\"left\">\u00c9 usado para identificar e distinguir um utilizador. Eles armazenam um identificador \u00fanico de cliente (ID do cliente), que \u00e9 gerado aleatoriamente. \u00c9 utilizado para calcular as intera\u00e7\u00f5es dos utilizadores (visitas, dados dos utilizadores, sess\u00f5es e campanhas), de modo a otimizar os servi\u00e7os que oferecem.  <\/td><td class=\"has-text-align-left\" data-align=\"left\">Google<\/td><td class=\"has-text-align-left\" data-align=\"left\">2 anos<\/td><\/tr><tr><td class=\"has-text-align-left\" data-align=\"left\">wpml_browser_redirect_test<\/td><td class=\"has-text-align-left\" data-align=\"left\">  Funcional<\/td><td class=\"has-text-align-left\" data-align=\"left\">Cookie para verificar se os cookies est\u00e3o ativados<\/td><td class=\"has-text-align-left\" data-align=\"left\">BAGAS DE PINHEIRO<\/td><td class=\"has-text-align-left\" data-align=\"left\">Sess\u00e3o<\/td><\/tr><tr><td class=\"has-text-align-left\" data-align=\"left\">WP-wpml_current_language<\/td><td class=\"has-text-align-left\" data-align=\"left\">Funcional<\/td><td class=\"has-text-align-left\" data-align=\"left\">Cookie para armazenar a l\u00edngua selecionada<\/td><td class=\"has-text-align-left\" data-align=\"left\">BAGAS DE PINHEIRO<\/td><td class=\"has-text-align-left\" data-align=\"left\">1 dia<\/td><\/tr><\/tbody><\/table><\/figure>\n\n\n\n<ol start=\"4\" class=\"wp-block-list\">\n<li><strong>CONSENTIMENTO E REVOGA\u00c7\u00c3O DO USO DE COOKIES.<\/strong><\/li>\n<\/ol>\n\n\n\n<p>O utilizador pode ativar ou desativar o uso de cookies diretamente a partir do banner ou aviso de cookies e do painel de prefer\u00eancias associado que aparecer\u00e1 na sua primeira visita ao Site, bem como atrav\u00e9s da ferramenta de cookies.  <\/p>\n\n\n\n<p>Se clicar no bot\u00e3o &#8220;Aceitar&#8221; no banner ou na ferramenta, est\u00e1 a permitir que todos os cookies sejam usados. Se n\u00e3o quiser que usemos nenhum dos cookies, pode selecion\u00e1-lo no painel de defini\u00e7\u00f5es, clicando no bot\u00e3o &#8220;Configurar&#8221; no banner ou ferramenta e, se quiser apag\u00e1-los, deve clicar no bot\u00e3o &#8220;Rejeitar&#8221; no banner ou ferramenta.   <\/p>\n\n\n\n<p>Tamb\u00e9m pode bloquear ou eliminar cookies alterando as defini\u00e7\u00f5es do seu navegador. Se apagar todos os cookies deste site, atrav\u00e9s do seu navegador, tamb\u00e9m ir\u00e1 eliminar as op\u00e7\u00f5es de configura\u00e7\u00e3o que escolheu relativamente aos nossos cookies (aceita\u00e7\u00e3o, rejei\u00e7\u00e3o ou revoga\u00e7\u00e3o do seu uso). Abaixo pode encontrar informa\u00e7\u00f5es sobre como gerir o uso de cookies dependendo do navegador utilizado:  <\/p>\n\n\n\n<figure class=\"wp-block-table\"><table class=\"has-fixed-layout\"><tbody><tr><td class=\"has-text-align-left\" data-align=\"left\">Firefox<\/td><td class=\"has-text-align-left\" data-align=\"left\">https:\/\/support.mozilla.org\/es\/kb\/habilitar-y-deshabilitar-cookies-sitios-web-rastrear-preferencias\n <\/td><\/tr><tr><td class=\"has-text-align-left\" data-align=\"left\">Chrome<\/td><td class=\"has-text-align-left\" data-align=\"left\">https:\/\/support.google.com\/chrome\/answer\/95647?co=GENIE.Platform%3DDesktop&amp;hl=es<\/td><\/tr><tr><td class=\"has-text-align-left\" data-align=\"left\">Safari<\/td><td class=\"has-text-align-left\" data-align=\"left\">https:\/\/support.apple.com\/es-es\/guide\/safari\/sfri11471\/mac<\/td><\/tr><tr><td class=\"has-text-align-left\" data-align=\"left\">Internet Explorer<\/td><td class=\"has-text-align-left\" data-align=\"left\">https:\/\/support.microsoft.com\/es-es\/help\/17442\/windows-internet-explorer-delete-manage-cookies<\/td><\/tr><tr><td class=\"has-text-align-left\" data-align=\"left\">Microsoft Edge<\/td><td class=\"has-text-align-left\" data-align=\"left\">https:\/\/privacy.microsoft.com\/es-es\/windows-10-microsoft-edge-and-privacy<\/td><\/tr><\/tbody><\/table><\/figure>\n\n\n\n<p>Por favor, note que, se aceitar cookies de terceiros, ter\u00e1 de os eliminar das op\u00e7\u00f5es do seu navegador ou do sistema oferecido pelo terceiro.<\/p>\n\n\n\n<ol start=\"5\" class=\"wp-block-list\">\n<li><strong>TRANSFER\u00caNCIAS INTERNACIONAIS DE DADOS<\/strong><\/li>\n<\/ol>\n\n\n\n<p>No nosso site utilizamos o Google Analytics, uma ferramenta de an\u00e1lise web da Google LLC. (&#8220;Google&#8221;), localizada em 1600 Amphitheatre Parkway, Mountain View, California 94043 (EUA), que nos permite saber como os utilizadores interagem com o nosso site. Gra\u00e7as a ela, obtemos informa\u00e7\u00f5es que nos podem ajudar a melhorar a navega\u00e7\u00e3o e a oferecer um servi\u00e7o melhor ao utilizador. A utiliza\u00e7\u00e3o do Google Analytics implica que existe uma transfer\u00eancia internacional de dados para a Google (EUA), abrangida pela formaliza\u00e7\u00e3o das cl\u00e1usulas contratuais padr\u00e3o aprovadas pela Comiss\u00e3o Europeia (art. 46.2 c) do RGPD). Pode saber mais em <a href=\"https:\/\/business.safety.google\/gdpr\/#international-transfers\" rel=\"nofollow noopener\" target=\"_blank\">https:\/\/business.safety.google\/gdpr\/#international-transfers<\/a>.      <\/p>\n\n\n\n<ol start=\"6\" class=\"wp-block-list\">\n<li><strong>ALTERA\u00c7\u00d5ES \u00c0 POL\u00cdTICA DE COOKIES<\/strong><\/li>\n<\/ol>\n\n\n\n<p>Podemos atualizar a Pol\u00edtica de Cookies do nosso Website, caso em que o informaremos devidamente sobre a nova vers\u00e3o.<\/p>\n\n\n\n<ol start=\"7\" class=\"wp-block-list\">\n<li><strong>POL\u00cdTICA DE PRIVACIDADE<\/strong><\/li>\n<\/ol>\n\n\n\n<p>Pode ler a nossa <a href=\"https:\/\/elpinar.eu\/politica-de-privacidad\/\">pol\u00edtica de privacidade<\/a> para mais informa\u00e7\u00f5es sobre o tratamento de dados pessoais.<\/p>\n\n\n\n<ol start=\"8\" class=\"wp-block-list\">\n<li><strong>CONTACTO<\/strong><\/li>\n<\/ol>\n\n\n\n<p>Se tiver alguma quest\u00e3o, coment\u00e1rio ou sugest\u00e3o sobre a Pol\u00edtica de Cookies, por favor contacte-nos pelo <a href=\"mailto:gdpr@elpinar.eu\">gdpr@elpinar.eu<\/a>.  <\/p>\n<\/section>\n","protected":false},"excerpt":{"rendered":"","protected":false},"author":1,"featured_media":0,"parent":0,"menu_order":0,"comment_status":"closed","ping_status":"closed","template":"","meta":{"footnotes":""},"class_list":["post-4824","page","type-page","status-publish","hentry"],"_links":{"self":[{"href":"https:\/\/elpinar.eu\/pt-pt\/wp-json\/wp\/v2\/pages\/4824","targetHints":{"allow":["GET"]}}],"collection":[{"href":"https:\/\/elpinar.eu\/pt-pt\/wp-json\/wp\/v2\/pages"}],"about":[{"href":"https:\/\/elpinar.eu\/pt-pt\/wp-json\/wp\/v2\/types\/page"}],"author":[{"embeddable":true,"href":"https:\/\/elpinar.eu\/pt-pt\/wp-json\/wp\/v2\/users\/1"}],"replies":[{"embeddable":true,"href":"https:\/\/elpinar.eu\/pt-pt\/wp-json\/wp\/v2\/comments?post=4824"}],"version-history":[{"count":1,"href":"https:\/\/elpinar.eu\/pt-pt\/wp-json\/wp\/v2\/pages\/4824\/revisions"}],"predecessor-version":[{"id":4825,"href":"https:\/\/elpinar.eu\/pt-pt\/wp-json\/wp\/v2\/pages\/4824\/revisions\/4825"}],"wp:attachment":[{"href":"https:\/\/elpinar.eu\/pt-pt\/wp-json\/wp\/v2\/media?parent=4824"}],"curies":[{"name":"wp","href":"https:\/\/api.w.org\/{rel}","templated":true}]}}