{"id":5054,"date":"2025-12-04T10:38:27","date_gmt":"2025-12-04T09:38:27","guid":{"rendered":"https:\/\/elpinar.eu\/avviso-legale\/"},"modified":"2026-03-24T09:48:45","modified_gmt":"2026-03-24T08:48:45","slug":"avviso-legale","status":"publish","type":"page","link":"https:\/\/elpinar.eu\/it\/avviso-legale\/","title":{"rendered":"Avviso legale"},"content":{"rendered":"\n<section class=\"wp-block-microbio-blocks-section-v2 is-style-section-pd-xl child-default section-align-center alignfull\" style=\"--min-height:0;--min-height-mobile:0\" data-animation-enter=\"alpha\"><h1 class=\"wp-block-post-title has-heading-2-font-size\">Avviso legale<\/h1>\n\n\n<p><strong>1.- Informazioni legali<\/strong><\/p>\n\n\n\n<p>www.elpinar.eu (di seguito il SITO WEB), \u00e8 un dominio registrato da EL PINAR BERRIES S.L.U, (di seguito EL PINAR), un&#8217;entit\u00e0 registrata nel Registro Mercantile di Segovia; datato 22 febbraio 2023, Volume 329, Libro 0 Foglio 151, Pagina SG-8240, Annotazione 2.<\/p>\n\n\n\n<p>NIF: B40162224<br\/>SEDE LEGALE: Eduardo Capa Sacrist\u00e1n n5, 40480, Coca, Segovia (Spagna).<br\/>TELEFONO: +34 921 15 58 87<br\/>EMAIL: hola@elpinar.eu<\/p>\n\n\n\n<p><strong>2. &#8211; Natura dei servizi<\/strong><\/p>\n\n\n\n<p>L&#8217;accesso al SITO WEB \u00e8, in linea di principio, gratuito, senza pregiudizio del fatto che l&#8217;appalto di prodotti o servizi tramite il SITO WEB sia soggetto a una considerazione economica.<\/p>\n\n\n\n<p><strong>3.- Responsabilit\u00e0 dell&#8217;Utente<\/strong><\/p>\n\n\n\n<p>L&#8217;Utente si impegna a non utilizzare il SITO WEB n\u00e9 le informazioni in esso fornite per svolgere attivit\u00e0 contrarie alla Legge, alla morale o all&#8217;ordine pubblico e, in generale, a utilizzarne in conformit\u00e0 con le condizioni stabilite da EL PINAR.<\/p>\n\n\n\n<p>Le opinioni, i contenuti e, in generale, tutte le attivit\u00e0 svolte dall&#8217;Utente sono di loro esclusiva responsabilit\u00e0, e EL PINAR non pu\u00f2 essere ritenuta responsabile per eventuali danni che possano derivare da tali attivit\u00e0 al di fuori del suo controllo e senza che l&#8217;Utente ne abbia effettivamente conoscenza.<\/p>\n\n\n\n<p><strong>4.- Responsabilit\u00e0 di VIVERO EL PINAR<\/strong><\/p>\n\n\n\n<p>EL PINAR non si assumer\u00e0 la responsabilit\u00e0 per errori nell&#8217;accesso al SITO WEB o ai suoi contenuti, anche se far\u00e0 la massima attenzione per evitare che si verifichino.<\/p>\n\n\n\n<p>EL PINAR si riserva il diritto di sospendere temporaneamente, e senza necessit\u00e0 di preavviso, l&#8217;accessibilit\u00e0 del SITO a causa di una possibile necessit\u00e0 di effettuare manutenzione, riparazione, aggiornamento o miglioramento dello stesso.<\/p>\n\n\n\n<p><strong>5.- Propriet\u00e0 Intellettuale e Industriale<\/strong><\/p>\n\n\n\n<p>Tutti i contenuti del SITO (inclusi, ma non limitati a, database, immagini, disegni, grafica, testo, audio, video e file software) sono di propriet\u00e0 di EL PINAR ed \u00e8 protetto da normative nazionali e internazionali sulla propriet\u00e0 intellettuale e industriale, riservando tutti i diritti.<\/p>\n\n\n\n<p>Il nome di dominio, i marchi, i segni, i segni distintivi o i loghi che compaiono sul SITO WEB sono di propriet\u00e0 di EL PINAR.<\/p>\n\n\n\n<p>Tutti i testi, disegni grafici, video o supporti audio che possono essere trovati in questo momento o in futuro su questo sito Internet sono di propriet\u00e0 di EL PINAR e non possono essere soggetti a ulteriori modifiche, copie, alterazioni, riproduzioni, adattamenti o traduzioni totali o parziali da parte dell&#8217;Utente o di terzi senza l&#8217;espressa autorizzazione di EL PINAR.<\/p>\n\n\n\n<p>L&#8217;uso non autorizzato delle informazioni contenute in questo SITO, cos\u00ec come la violazione dei diritti di propriet\u00e0 intellettuale o industriale, danno origine alle responsabilit\u00e0 legalmente stabilite.<\/p>\n\n\n\n<p><strong>6.- Collegamenti ipertestuali<\/strong><\/p>\n\n\n\n<p>L&#8217;istituzione di qualsiasi collegamento ipertestuale da un sito web di terze parti a una qualsiasi delle pagine del sito web di EL PINAR sar\u00e0 soggetta alle seguenti condizioni:<\/p>\n\n\n\n<p>\u2013 La riproduzione totale o parziale di nessuno dei servizi contenuti nel sito web di EL PINAR non \u00e8 consentita;<\/p>\n\n\n\n<p>\u2013 Non sar\u00e0 inclusa alcuna dichiarazione falsa, inaccurata o errata sulle pagine del SITO WEB di EL PINAR e sui suoi servizi;<\/p>\n\n\n\n<p>\u2013 In nessun caso EL PINAR sar\u00e0 responsabile per i contenuti, le informazioni, le dichiarazioni, le opinioni o i servizi messi a disposizione del pubblico sul sito web da cui \u00e8 stato creato un collegamento ipertestuale a questo SITO;<\/p>\n\n\n\n<p>\u2013 Qualsiasi collegamento ipertestuale sar\u00e0 fatto alla pagina principale del SITO.<\/p>\n\n\n\n<p>I collegamenti ipertestuali presenti sul SITO WEB sono stati precedentemente concordati con i proprietari dei siti collegati. EL PINAR non si assume responsabile per l&#8217;uso improprio o per le attivit\u00e0 contrarie alla legge, alla morale o all&#8217;ordine pubblico compiute dagli utenti delle suddette pagine collegate.<\/p>\n\n\n\n<p><strong>7.- Validit\u00e0 delle condizioni d&#8217;uso<\/strong><\/p>\n\n\n\n<p>Le condizioni d&#8217;uso di questo SITO WEB sono indefinite. EL PINAR si riserva il diritto unilaterale di modificare le condizioni di accesso a esse, cos\u00ec come il loro contenuto.<\/p>\n\n\n\n<p><strong>8.- Nullit\u00e0 e inefficacia delle clausole<\/strong><\/p>\n\n\n\n<p>Se una clausola inclusa in queste condizioni viene dichiarata totalmente o parzialmente nulla o inefficace, tale nullit\u00e0 colpir\u00e0 solo quella disposizione o la parte di essa che \u00e8 nulla o inefficace, le condizioni rimaste in vigore.<\/p>\n\n\n\n<p><strong>9.- Legislazione applicabile e giurisdizione<\/strong><\/p>\n\n\n\n<p>La fornitura del servizio di questo SITO WEB e queste condizioni d&#8217;uso sono regolate dalla legge spagnola.<br\/>Qualsiasi questione contenziosa che riguardi i servizi forniti tramite questo SITO WEB sar\u00e0 risolta tramite i tribunali di arbitrato dei consumatori, mediatori o simili di cui EL PINAR \u00e8 membro al momento della controversia, nonch\u00e9 dai corrispondenti tribunali e tribunali in conformit\u00e0 con la legge spagnola.<\/p>\n<\/section>\n","protected":false},"excerpt":{"rendered":"","protected":false},"author":1,"featured_media":0,"parent":0,"menu_order":0,"comment_status":"closed","ping_status":"closed","template":"","meta":{"footnotes":""},"class_list":["post-5054","page","type-page","status-publish","hentry"],"_links":{"self":[{"href":"https:\/\/elpinar.eu\/it\/wp-json\/wp\/v2\/pages\/5054","targetHints":{"allow":["GET"]}}],"collection":[{"href":"https:\/\/elpinar.eu\/it\/wp-json\/wp\/v2\/pages"}],"about":[{"href":"https:\/\/elpinar.eu\/it\/wp-json\/wp\/v2\/types\/page"}],"author":[{"embeddable":true,"href":"https:\/\/elpinar.eu\/it\/wp-json\/wp\/v2\/users\/1"}],"replies":[{"embeddable":true,"href":"https:\/\/elpinar.eu\/it\/wp-json\/wp\/v2\/comments?post=5054"}],"version-history":[{"count":1,"href":"https:\/\/elpinar.eu\/it\/wp-json\/wp\/v2\/pages\/5054\/revisions"}],"predecessor-version":[{"id":5055,"href":"https:\/\/elpinar.eu\/it\/wp-json\/wp\/v2\/pages\/5054\/revisions\/5055"}],"wp:attachment":[{"href":"https:\/\/elpinar.eu\/it\/wp-json\/wp\/v2\/media?parent=5054"}],"curies":[{"name":"wp","href":"https:\/\/api.w.org\/{rel}","templated":true}]}}