{"id":4914,"date":"2025-10-21T15:32:11","date_gmt":"2025-10-21T13:32:11","guid":{"rendered":"https:\/\/elpinar.eu\/informativa-sulla-privacy\/"},"modified":"2026-03-24T09:36:24","modified_gmt":"2026-03-24T08:36:24","slug":"informativa-sulla-privacy","status":"publish","type":"page","link":"https:\/\/elpinar.eu\/it\/informativa-sulla-privacy\/","title":{"rendered":"Informativa sulla privacy"},"content":{"rendered":"\n<section class=\"wp-block-microbio-blocks-section-v2 is-style-section-pd-xl child-default section-align-center alignfull\" style=\"--min-height:0;--min-height-mobile:0\" data-animation-enter=\"alpha\">\n<h1 class=\"wp-block-heading has-heading-2-font-size\">Informativa sulla privacy<\/h1>\n\n\n\n<ol class=\"wp-block-list\">\n<li><strong>SCOPO.<\/strong><\/li>\n<\/ol>\n\n\n\n<p>Lo scopo di questa Informativa sulla Privacy \u00e8 fornire all&#8217;utente del sito <a href=\"https:\/\/elpinar.eu\/\">web https:\/\/elpinar.eu\/<\/a> informazioni sull&#8217;uso che <strong>EL PINAR BERRIES, S.L.U<\/strong> (di seguita, <strong>i &#8220;PINAR BERRIES&#8221;)<\/strong> far\u00e0 dei dati personali raccolti tramite esso, nonch\u00e9 i diritti che lo assistono ai sensi del Regolamento (UE) 2016\/679 del Parlamento Europeo e del Consiglio.  del 27 aprile 2016, sulla protezione delle persone fisiche in relazione al trattamento dei dati personali (&#8220;GDPR&#8221;) e la Legge Organica 3\/2018 del 5 dicembre, sulla Protezione dei Dati Personali e la Garanzia dei Diritti Digitali (&#8220;LOPD&#8221;).<\/p>\n\n\n\n<p>Se hai domande riguardanti il trattamento dei tuoi dati personali, puoi contattare il Coordinatore per la Protezione dei Dati di PINAR BERRIES al seguente indirizzo: <a href=\"mailto:gdpr@elpinar.eu\">gdpr@elpinar.eu<\/a> oppure per posta al seguente indirizzo C\/Eduardo Capa Sacrist\u00e1n, 5 Pol. Ind. &#8220;Las Salinas&#8221; 40480 Coca (Segovia).  <\/p>\n\n\n\n<ol start=\"2\" class=\"wp-block-list\">\n<li><strong>IDENTIFICAZIONE E DATI DI CONTATTO DELLA PERSONA RESPONSABILE.<\/strong><\/li>\n<\/ol>\n\n\n\n<p>Il responsabile del trattamento dati degli utenti del sito web \u00e8 PINAR BERRIES, i cui dati di contatto sono:<\/p>\n\n\n\n<p><em>Identit\u00e0: EL PINAR BERRIES, S.L.U<\/em><\/p>\n\n\n\n<p><em>CIF: B4016224<\/em><\/p>\n\n\n\n<p><em>Regia C\/Eduardo Capa Sacrist\u00e1n, 5 Pol. Ind. &#8220;Las Salinas&#8221; 40480 Coca (Segovia).   <\/em><\/p>\n\n\n\n<p><em>Telefono: 921155887<\/em><\/p>\n\n\n\n<p><em>Coordinatore Protezione dei Dati: <\/em><a href=\"mailto:gdpr@elpinar.eu\">gdpr@elpinar.eu<\/a>.<\/p>\n\n\n\n<ol start=\"3\" class=\"wp-block-list\">\n<li><strong>RACCOLTA DI DATI PERSONALI. INFORMAZIONI NECESSARIE E AGGIORNATE. <\/strong><\/li>\n<\/ol>\n\n\n\n<p>La raccolta di dati personali pu\u00f2 essere effettuata tramite i moduli presenti sul sito web o tramite l&#8217;uso degli stessi. Tutti i campi contrassegnati con un asterisco (*) sui moduli sul sito web devono essere completati, in modo che l&#8217;omissione di uno di essi possa rendere impossibile fornire i servizi o le informazioni richieste.   <\/p>\n\n\n\n<p>I moduli sono accompagnati dalla casella di accettazione corrispondente di questa Informativa sulla Privacy. Marcandolo prima di inviarlo, l&#8217;utente acconsente al trattamento dei propri dati nei termini definiti in esso indicati.   <\/p>\n\n\n\n<p>L&#8217;utente deve fornire informazioni veritiere. Affinch\u00e9 le informazioni fornite siano sempre aggiornate e prive di errori, devi notificare PINAR BERRIES il prima possibile di eventuali modifiche e rettifichi dei tuoi dati personali, inviando un&#8217;e-mail all&#8217;indirizzo: <a href=\"mailto:gdpr@elpinar.eu\">gdpr@elpinar.eu<\/a>.   <\/p>\n\n\n\n<p>Allo stesso modo, cliccando sul pulsante &#8220;Invia&#8221; (o equivalente) incorporato nei moduli sopra menzionati, dichiari che le informazioni e i dati forniti in essi sono accurati e veritieri.<\/p>\n\n\n\n<p>Se l&#8217;utente non desidera che PINAR BERRIES elabori i propri dati personali, deve astenersi dal compilare i moduli sul sito web e\/o dall&#8217;inviare i propri dati richiedendo informazioni.<\/p>\n\n\n\n<ol start=\"4\" class=\"wp-block-list\">\n<li><strong>INFORMAZIONI GENERALI: DESCRIZIONE DELLE INFORMAZIONI CONTENUTE NELL&#8217;INFORMATIVA SULLA PRIVACY.<\/strong><\/li>\n<\/ol>\n\n\n\n<p>In questa Informativa sulla Privacy troverai una tabella che identifica, per ciascuno dei diversi trattamenti dati effettuati da PINAR BERRIES tramite il suo sito web, le seguenti informazioni:<\/p>\n\n\n\n<ol class=\"wp-block-list\">\n<li>Gli scopi del trattamento dei tuoi dati personali, cio\u00e8 il motivo per cui PINAR BERRIES elabora i tuoi dati personali.<\/li>\n\n\n\n<li>Le basi legali che consentono il trattamento dei tuoi dati da parte di PINAR BERRIES per ciascuno degli scopi indicati.<\/li>\n\n\n\n<li>La possibile comunicazione dei tuoi dati a terzi, cos\u00ec come la causa di tali <strong>comunicazioni. <\/strong>A tal fine, vi informiamo che non trasferiamo i vostri dati personali a terzi a meno che il trasferimento non sia necessario per il mantenimento del rapporto contrattuale che ci unisce all&#8217;utente, non vi sia un obbligo legale o un interesse legittimo. D&#8217;altra parte, i tuoi dati personali possono essere accessibili dai processori di PINAR BERRIES, cio\u00e8 i fornitori di servizi che devono accedere ai tuoi dati personali per svolgere le loro funzioni. I fornitori di servizi che accedono ai tuoi dati personali, in generale, sono dedicati ai settori dei sistemi informativi e della tecnologia e ai servizi di consulenza o revisione. La tabella sottostante indicher\u00e0, dove opportuno, quegli altri settori a cui sono dedicati altri potenziali fornitori di servizi di PINAR BERRIES che devono accedere ai tuoi dati personali. Sono stati firmati contratti con tutti loro che soddisfano le garanzie richieste dal GDPR.    <\/li>\n<\/ol>\n\n\n\n<p>Alcune di queste terze parti a cui forniamo i tuoi dati potrebbero trovarsi in paesi al di fuori dello Spazio Economico Europeo, che non offrono adeguate garanzie. PINAR BERRIES garantisce che i trasferimenti dei tuoi dati in questi paesi saranno effettuati in conformit\u00e0 con i requisiti stabiliti dal GDPR. <\/p>\n\n\n\n<p>Vi informiamo che potete richiedere informazioni pi\u00f9 dettagliate sui destinatari dei vostri dati inviando un&#8217;email <a href=\"mailto:gdpr@elpinar.eu\">all&#8217;indirizzo gdpr@elpinar.eu<\/a>, indicando l&#8217;elaborazione specifica su quali destinatari desiderate informazioni.<\/p>\n\n\n\n<ol class=\"wp-block-list\">\n<li>Il periodo di archiviazione dei dati che ci <strong>fornisci.<\/strong> Allo stesso modo, vi informiamo che i vostri dati personali saranno conservati per il tempo necessario a rispettare gli scopi per cui sono stati raccolti e per determinare le possibili responsabilit\u00e0 che potrebbero derivare da essi e dal trattamento dei dati.  <\/li>\n\n\n\n<li><strong>INFORMAZIONI DETTAGLIATE SUI TRATTAMENTI ESEGUITI DA EL PINAR BERRIES.<\/strong><\/li>\n<\/ol>\n\n\n\n<figure class=\"wp-block-table\"><table class=\"has-fixed-layout\"><tbody><tr><td class=\"has-text-align-left\" data-align=\"left\"><strong>Trattamento<\/strong><\/td><td class=\"has-text-align-left\" data-align=\"left\"><strong>Scopo<\/strong><\/td><td class=\"has-text-align-left\" data-align=\"left\"><strong>Base giuridica<\/strong><\/td><td class=\"has-text-align-left\" data-align=\"left\"><strong>Vincitori<\/strong><\/td><td class=\"has-text-align-left\" data-align=\"left\"><strong>Stoccaggio<\/strong><\/td><\/tr><tr><td class=\"has-text-align-left\" data-align=\"left\" rowspan=\"3\"><strong>Modulo di Richiesta Informazioni<\/strong><\/td><td class=\"has-text-align-left\" data-align=\"left\">Richiedi attenzione  <\/td><td class=\"has-text-align-left\" data-align=\"left\">Relazione contrattuale derivante dalla richiesta (art. 6.1 b) GDPR).<\/td><td class=\"has-text-align-left\" data-align=\"left\" rowspan=\"3\">I dati saranno comunicati agli enti pubblici che gestiscono gli aiuti all&#8217;imprenditorialit\u00e0 e a enti pubblici o privati che sono potenziali investitori. Inoltre, revisori, consulenti esterni, avvocati, avvocati e fornitori di servizi tecnologici possono avere accesso ai dati. I corrispondenti contratti con i Data Processor sono stati firmati con questi fornitori.  <\/td><td class=\"has-text-align-left\" data-align=\"left\" rowspan=\"3\">I dati saranno conservati per il tempo necessario a soddisfare gli scopi e a determinare le responsabilit\u00e0. I dati identificativos necessari per effettuare comunicazioni commerciali saranno conservati finch\u00e9 le parti interessate non richiederanno la loro cancellazione.<\/td><\/tr><tr><td class=\"has-text-align-left\" data-align=\"left\">Svolgere comunicazioni commerciali (per posta, telefono ed elettronica) su attivit\u00e0 e servizi di terze parti correlati<\/td><td class=\"has-text-align-left\" data-align=\"left\">Legittima interesse di PINAR BERRIES nella pubblicit\u00e0 delle proprie attivit\u00e0 e servizi (art. 6.1 f) GDPR) e 21.2 LSSI<\/td><\/tr><tr><td class=\"has-text-align-left\" data-align=\"left\"><\/td><td class=\"has-text-align-left\" data-align=\"left\">Consenso ottenuto spuntando la casella che accompagna il modulo (art. 6.1 a) GDPR e 21.1 LSSI)<\/td><\/tr><tr><td class=\"has-text-align-left\" data-align=\"left\"><strong>Telefonate o e-mail al numero o agli indirizzi forniti sul sito web<\/strong><\/td><td class=\"has-text-align-left\" data-align=\"left\">Attenzione a domande o richieste<\/td><td class=\"has-text-align-left\" data-align=\"left\">Legittimo interesse di PINAR BERRIES nel rispondere a domande e richieste degli utenti (art. 6.1 f) GDPR)<\/td><td class=\"has-text-align-left\" data-align=\"left\">I dati non saranno trasferiti a terzi, salvo obbligo legale. Tuttavia, \u00e8 possibile che i fornitori di servizi tecnologici possano avere accesso a loro. I corrispondenti contratti con i Data Processor sono stati firmati con questi fornitori.  <\/td><td class=\"has-text-align-left\" data-align=\"left\">I dati saranno conservati per il tempo necessario a soddisfare gli scopi e a determinare le responsabilit\u00e0.<\/td><\/tr><\/tbody><\/table><\/figure>\n\n\n\n<ol start=\"6\" class=\"wp-block-list\">\n<li><strong>TRASFERIMENTO DI DATI A SOCIET\u00c0 DELLO STESSO GRUPPO DI BUSINESS.<\/strong><\/li>\n<\/ol>\n\n\n\n<p>Diverse societ\u00e0 commerciali del gruppo EL PINAR <a href=\"https:\/\/elpinar.eu\/\">operano tramite il sito web https:\/\/elpinar.eu\/<\/a> operano &#8211; tra le altre, EL PINAR BERRIES, S.L.U., EL PINAR MEDIOAMBIENTE, S.L.U. o EL PINAR NURSERY AND FRUIT COMPANY, S.L. &#8211; quindi \u00e8 necessario tenere presente che, nella misura in cui \u00e8 strettamente necessario rispettare le finalit\u00e0 indicate,  i dati forniti possono essere condivisi con altre aziende o entit\u00e0 appartenenti o collegate a GRUPO EL PINAR, per il trattamento sotto la loro responsabilit\u00e0 e sempre per gli stessi scopi previsti dalla presente Politica.<\/p>\n\n\n\n<ol start=\"7\" class=\"wp-block-list\">\n<li><strong>ESERCIZIO DEI DIRITTI.<\/strong><\/li>\n<\/ol>\n\n\n\n<p>PINAR BERRIES informa l&#8217;utente che pu\u00f2 esercitare i seguenti diritti:<\/p>\n\n\n\n<ol class=\"wp-block-list\">\n<li>Il diritto di accesso ai tuoi dati, a sapere quali sono in fase di elaborazione e quali operazioni di elaborazione vengono effettuate con essi;<\/li>\n\n\n\n<li>Il diritto di rettificar qualsiasi dato personale inaccurato;<\/li>\n\n\n\n<li>Il diritto di cancellare i tuoi dati personali;<\/li>\n\n\n\n<li>Quando la base legale per il trattamento \u00e8 il tuo consenso, puoi esercitare il diritto di revocare tale consenso in qualsiasi momento;<\/li>\n\n\n\n<li>Il diritto di ricevere i dati personali che hai fornito a PINAR BERRIES in un formato strutturato, comunemente usato e leggibile da macchina, e di trasmettere i dati a un altro responsabile dei dati quando il trattamento avviene tramite mezzi automatizzati, e la base legale per il trattamento \u00e8 il consenso esplicito della parte interessata, l&#8217;esecuzione di un contratto o,  nel caso di dati sanitari, se il trattamento \u00e8 necessario per rispettare gli obblighi di impiego o di prevenzione del rischio;<\/li>\n\n\n\n<li>Il diritto di opporsi al trattamento dei dati personali, che pu\u00f2 essere esercitato in qualsiasi momento per motivi legati alla tua situazione personale, quando il trattamento si basa sugli interessi legittimi di PINAR BERRIES.<\/li>\n<\/ol>\n\n\n\n<p>L&#8217;utente pu\u00f2 esercitare i propri diritti in qualsiasi momento e gratuitamente inviando una comunicazione scritta indirizzata al Coordinatore per la Protezione dei Dati di PINAR BERRIES <a href=\"mailto:gdpr@elpinar.eu\">a gdpr@elpinar.eu<\/a> o a C\/Eduardo Capa Sacrist\u00e1n, 5 Pol. Ind. &#8220;Las Salinas&#8221; 40480 Coca (Segovia). La domanda deve essere debitamente firmata da lui, includere il suo nome completo e indirizzo e indicare i diritti che desidera esercitare ed essere accompagnata da una fotocopia del suo DNI o NIE.   <\/p>\n\n\n\n<p>Inoltre, avrai il diritto di presentare un reclamo all&#8217;Agenzia Spagnola per la Protezione dei Dati (<a href=\"http:\/\/www.aepd.es\/\" rel=\"nofollow noopener\" target=\"_blank\">www.aepd.es<\/a>) se ritieni che sia stata commessa una violazione della legislazione sulla protezione dei dati riguardanti il trattamento dei tuoi dati personali.<\/p>\n\n\n\n<ol start=\"8\" class=\"wp-block-list\">\n<li><strong>BISCOTTI.<\/strong><\/li>\n<\/ol>\n\n\n\n<p>PINAR BERRIES utilizzer\u00e0 dispositivi di archiviazione e recupero dati (&#8220;Cookie&#8221;) solo quando l&#8217;utente ha dato il suo consenso preventivo, in conformit\u00e0 con quanto indicato nella finestra pop-up del browser dell&#8217;utente durante l&#8217;accesso al sito web e negli altri termini e condizioni indicati nella <a href=\"https:\/\/elpinar.eu\/politica-de-cookies\/\">Politica sui Cookie di PINAR BERRIES<\/a> , di cui tutti gli utenti devono essere a conoscenza.<\/p>\n\n\n\n<ol start=\"9\" class=\"wp-block-list\">\n<li><strong>QUALIT\u00c0 DEI DATI.<\/strong><\/li>\n<\/ol>\n\n\n\n<p>PINAR BERRIES avverte l&#8217;utente che, a meno che non vi sia una rappresentanza legalmente costituita, non pu\u00f2 utilizzare l&#8217;identit\u00e0 di un&#8217;altra persona n\u00e9 comunicare i propri dati personali, quindi l&#8217;utente deve sempre tenere presente che, se utilizza l&#8217;email, pu\u00f2 includere solo dati personali corrispondenti alla propria identit\u00e0 e adeguati,  rilevante, attuale, accurato e vero. A tal fine, l&#8217;utente sar\u00e0 l&#8217;unico responsabile per qualsiasi danno, diretto e\/o indiretto, causato a terzi o a PINAR BERRIES dall&#8217;uso dei dati personali di un&#8217;altra persona, o dei propri dati personali quando sono falsi, errate, non attuali, inappropriati o impertinenti. <\/p>\n\n\n\n<ol start=\"10\" class=\"wp-block-list\">\n<li><strong>DATI DI MINORENNI O PERSONE INCAPACI.<\/strong><\/li>\n<\/ol>\n\n\n\n<p>I minori o le persone incapaci non possono utilizzare i servizi disponibili tramite il sito senza l&#8217;autorizzazione preventiva dei genitori, tutori o rappresentanti legali, che saranno gli unici responsabili di tutti gli atti compiuti tramite il sito da parte dei minori sotto la loro custodia, inclusa la compilazione dei moduli con i dati personali dei minori e la marcatura,  dove appropriato, delle scatole che li accompagnano.<\/p>\n\n\n\n<ol start=\"11\" class=\"wp-block-list\">\n<li><strong>DATI DI TERZE PARTI.<\/strong><\/li>\n<\/ol>\n\n\n\n<p>Nel caso di fornimento di dati da terzi, l&#8217;utente garantisce di averlo gi\u00e0 informato delle disposizioni di questa Politica e, se necessario, di aver ottenuto il suo consenso.<\/p>\n\n\n\n<ol start=\"12\" class=\"wp-block-list\">\n<li><strong>MISURE DI SICUREZZA.<\/strong><\/li>\n<\/ol>\n\n\n\n<p>PINAR BERRIES adotta i livelli di sicurezza richiesti dal GDPR in base alla natura dei dati trattati in ogni momento. Nonostante quanto sopra, la sicurezza tecnica in un mezzo come Internet non \u00e8 inespugnabile e possono esserci azioni dannose da parte di terze parti, anche se PINAR BERRIES mette a disposizione tutti i mezzi per evitare tali azioni. <\/p>\n<\/section>\n","protected":false},"excerpt":{"rendered":"","protected":false},"author":1,"featured_media":0,"parent":0,"menu_order":0,"comment_status":"closed","ping_status":"open","template":"","meta":{"footnotes":""},"class_list":["post-4914","page","type-page","status-publish","hentry"],"_links":{"self":[{"href":"https:\/\/elpinar.eu\/it\/wp-json\/wp\/v2\/pages\/4914","targetHints":{"allow":["GET"]}}],"collection":[{"href":"https:\/\/elpinar.eu\/it\/wp-json\/wp\/v2\/pages"}],"about":[{"href":"https:\/\/elpinar.eu\/it\/wp-json\/wp\/v2\/types\/page"}],"author":[{"embeddable":true,"href":"https:\/\/elpinar.eu\/it\/wp-json\/wp\/v2\/users\/1"}],"replies":[{"embeddable":true,"href":"https:\/\/elpinar.eu\/it\/wp-json\/wp\/v2\/comments?post=4914"}],"version-history":[{"count":1,"href":"https:\/\/elpinar.eu\/it\/wp-json\/wp\/v2\/pages\/4914\/revisions"}],"predecessor-version":[{"id":4915,"href":"https:\/\/elpinar.eu\/it\/wp-json\/wp\/v2\/pages\/4914\/revisions\/4915"}],"wp:attachment":[{"href":"https:\/\/elpinar.eu\/it\/wp-json\/wp\/v2\/media?parent=4914"}],"curies":[{"name":"wp","href":"https:\/\/api.w.org\/{rel}","templated":true}]}}