{"id":5115,"date":"2025-12-04T10:38:27","date_gmt":"2025-12-04T09:38:27","guid":{"rendered":"https:\/\/elpinar.eu\/avis-juridique\/"},"modified":"2026-03-24T09:49:31","modified_gmt":"2026-03-24T08:49:31","slug":"avis-juridique","status":"publish","type":"page","link":"https:\/\/elpinar.eu\/fr\/avis-juridique\/","title":{"rendered":"Avis juridique"},"content":{"rendered":"\n<section class=\"wp-block-microbio-blocks-section-v2 is-style-section-pd-xl child-default section-align-center alignfull\" style=\"--min-height:0;--min-height-mobile:0\" data-animation-enter=\"alpha\"><h1 class=\"wp-block-post-title has-heading-2-font-size\">Avis juridique<\/h1>\n\n\n<p><strong>1.- Informations juridiques<\/strong><\/p>\n\n\n\n<p>www.elpinar.eu (ci-apr\u00e8s le site WEB) est un domaine enregistr\u00e9 par EL PINAR BERRIES S.L.U, (ci-apr\u00e8s EL PINAR), une entit\u00e9 enregistr\u00e9e au Registre des Affaires de S\u00e9govie ; dat\u00e9 du 22 f\u00e9vrier 2023, Volume 329, Livre 0 Folio 151, Page SG-8240, Annotation 2.<\/p>\n\n\n\n<p>NIF : B40162224<br\/>SI\u00c8GE ENREGISTR\u00c9 : Eduardo Capa Sacrist\u00e1n n5, 40480, Coca, S\u00e9govie (Espagne).<br\/>T\u00c9L\u00c9PHONE : +34 921 15 58 87<br\/>EMAIL : hola@elpinar.eu<\/p>\n\n\n\n<p><strong>2. &#8211; Nature des services<\/strong><\/p>\n\n\n\n<p>L\u2019acc\u00e8s au SITE WEB est, en principe, gratuit, sans pr\u00e9judice du fait que la contractualisation de produits ou services via le SITE est soumise \u00e0 une consid\u00e9ration \u00e9conomique.<\/p>\n\n\n\n<p><strong>3. &#8211; Responsabilit\u00e9 de l\u2019utilisateur<\/strong><\/p>\n\n\n\n<p>L\u2019Utilisateur s\u2019engage \u00e0 ne pas utiliser le SITE WEB ni les informations qui y sont propos\u00e9es pour accomplir des activit\u00e9s contraires \u00e0 la loi, \u00e0 la morale ou \u00e0 l\u2019ordre public et, en g\u00e9n\u00e9ral, \u00e0 en faire usage conform\u00e9ment aux conditions \u00e9tablies par EL PINAR.<\/p>\n\n\n\n<p>Les avis, contenus et, en g\u00e9n\u00e9ral, toutes les activit\u00e9s men\u00e9es par l\u2019Utilisateur sont de leur exclusivit\u00e9 de responsabilit\u00e9, et EL PINAR ne peut \u00eatre tenu responsable des dommages pouvant d\u00e9couler de telles activit\u00e9s hors de son contr\u00f4le et sans que l\u2019Utilisateur en ait connaissance effective.<\/p>\n\n\n\n<p><strong>4. &#8211; Responsabilit\u00e9 de VIVERO EL PINAR<\/strong><\/p>\n\n\n\n<p>EL PINAR ne sera pas responsable des erreurs d\u2019acc\u00e8s au SITE WEB ou \u00e0 son contenu, bien qu\u2019elle veillera au plus grand soin pour qu\u2019elles ne se produisent pas.<\/p>\n\n\n\n<p>EL PINAR se r\u00e9serve le droit de suspendre temporairement, sans pr\u00e9avis, l\u2019accessibilit\u00e9 du SITE en raison d\u2019un \u00e9ventuel besoin d\u2019effectuer des op\u00e9rations de maintenance, de r\u00e9paration, de mise \u00e0 jour ou d\u2019am\u00e9lioration du SITE.<\/p>\n\n\n\n<p><strong>5.- Propri\u00e9t\u00e9 intellectuelle et industrielle<\/strong><\/p>\n\n\n\n<p>Tout le contenu du SITE (y compris, mais sans s\u2019y limiter, les bases de donn\u00e9es, images, dessins, graphiques, textes, audio, vid\u00e9o et fichiers logiciels) appartient \u00e0 EL PINAR et est prot\u00e9g\u00e9 par les r\u00e9glementations nationales et internationales sur la propri\u00e9t\u00e9 intellectuelle et industrielle, tous droits \u00e9tant r\u00e9serv\u00e9s.<\/p>\n\n\n\n<p>Le nom de domaine, les marques, les enseignes, les signes distinctifs ou les logos qui apparaissent sur le SITE WEB sont la propri\u00e9t\u00e9 d\u2019EL PINAR.<\/p>\n\n\n\n<p>Tous les textes, dessins graphiques, vid\u00e9os ou supports audio disponibles \u00e0 ce moment ou \u00e0 l\u2019avenir sur ce site Internet sont la propri\u00e9t\u00e9 d\u2019EL PINAR et ne peuvent \u00eatre soumis \u00e0 d\u2019autres modifications, copies, alt\u00e9rations, reproductions totales ou partielles, adaptations ou traductions par l\u2019Utilisateur ou des tiers sans l\u2019autorisation expresse d\u2019EL PINAR.<\/p>\n\n\n\n<p>L\u2019utilisation non autoris\u00e9e des informations contenues sur ce SITE WEB, ainsi que la violation des droits de propri\u00e9t\u00e9 intellectuelle ou industrielle, donneront lieu aux responsabilit\u00e9s l\u00e9galement \u00e9tablies.<\/p>\n\n\n\n<p><strong>6.- Hyperliens<\/strong><\/p>\n\n\n\n<p>L\u2019\u00e9tablissement de tout lien hyperactif d\u2019un site tiers vers l\u2019une des pages du site web d\u2019EL PINAR sera soumis aux conditions suivantes :<\/p>\n\n\n\n<p>\u2013 La reproduction totale ou partielle de l\u2019un des services contenus sur le site web d\u2019EL PINAR n\u2019est pas autoris\u00e9e ;<\/p>\n\n\n\n<p>\u2013 Aucune d\u00e9claration fausse, inexacte ou incorrecte ne sera incluse concernant les pages du SITE WEB D\u2019EL PINAR et de ses services ;<\/p>\n\n\n\n<p>\u2013 En aucun cas EL PINAR ne sera responsable du contenu, information, d\u00e9clarations, opinions ou services mis \u00e0 disposition du public sur le site web d\u2019o\u00f9 est \u00e9tabli un lien vers ce SITE ;<\/p>\n\n\n\n<p>\u2013 Tout lien hypertexte sera cr\u00e9\u00e9 vers la page principale du SITE WEB.<\/p>\n\n\n\n<p>Les liens hypertextes trouv\u00e9s sur le SITE ont \u00e9t\u00e9 pr\u00e9alablement convenus avec les propri\u00e9taires des sites li\u00e9s. EL PINAR ne sera pas responsable des abus ou des activit\u00e9s contraires \u00e0 la loi, \u00e0 la morale ou \u00e0 l\u2019ordre public exerc\u00e9es par les utilisateurs sur ces pages li\u00e9es. <\/p>\n\n\n\n<p><strong>7.- Validit\u00e9 des conditions d\u2019utilisation<\/strong><\/p>\n\n\n\n<p>Les conditions d\u2019utilisation de ce SITE sont ind\u00e9finies. EL PINAR se r\u00e9serve unilat\u00e9ralement le droit de modifier les conditions d\u2019acc\u00e8s ainsi que leur contenu. <\/p>\n\n\n\n<p><strong>8. &#8211; Nulit\u00e9 et inefficacit\u00e9 des clauses<\/strong><\/p>\n\n\n\n<p>Si une clause incluse dans ces conditions est d\u00e9clar\u00e9e totalement ou partiellement nulle ou inefficace, cette nullit\u00e9 n\u2019affectera que cette disposition ou la partie de celle-ci qui est nulle ou inefficace, les conditions restant en vigueur.<\/p>\n\n\n\n<p><strong>9.- L\u00e9gislation applicable et comp\u00e9tence<\/strong><\/p>\n\n\n\n<p>La prestation du service de ce SITE et ces conditions d\u2019utilisation sont r\u00e9gies par la l\u00e9gislation espagnole.<br\/>Toute question litigieuse concernant les services fournis via ce SITE web sera r\u00e9solue par les tribunaux d\u2019arbitrage des consommateurs, les m\u00e9diateurs ou des organismes similaires dont EL PINAR est membre au moment du litige, ainsi que par les tribunaux et tribunaux correspondants conform\u00e9ment \u00e0 la l\u00e9gislation espagnole.<\/p>\n<\/section>\n","protected":false},"excerpt":{"rendered":"","protected":false},"author":1,"featured_media":0,"parent":0,"menu_order":0,"comment_status":"closed","ping_status":"closed","template":"","meta":{"footnotes":""},"class_list":["post-5115","page","type-page","status-publish","hentry"],"_links":{"self":[{"href":"https:\/\/elpinar.eu\/fr\/wp-json\/wp\/v2\/pages\/5115","targetHints":{"allow":["GET"]}}],"collection":[{"href":"https:\/\/elpinar.eu\/fr\/wp-json\/wp\/v2\/pages"}],"about":[{"href":"https:\/\/elpinar.eu\/fr\/wp-json\/wp\/v2\/types\/page"}],"author":[{"embeddable":true,"href":"https:\/\/elpinar.eu\/fr\/wp-json\/wp\/v2\/users\/1"}],"replies":[{"embeddable":true,"href":"https:\/\/elpinar.eu\/fr\/wp-json\/wp\/v2\/comments?post=5115"}],"version-history":[{"count":1,"href":"https:\/\/elpinar.eu\/fr\/wp-json\/wp\/v2\/pages\/5115\/revisions"}],"predecessor-version":[{"id":5117,"href":"https:\/\/elpinar.eu\/fr\/wp-json\/wp\/v2\/pages\/5115\/revisions\/5117"}],"wp:attachment":[{"href":"https:\/\/elpinar.eu\/fr\/wp-json\/wp\/v2\/media?parent=5115"}],"curies":[{"name":"wp","href":"https:\/\/api.w.org\/{rel}","templated":true}]}}