{"id":4828,"date":"2025-12-04T10:39:09","date_gmt":"2025-12-04T09:39:09","guid":{"rendered":"https:\/\/elpinar.eu\/politique-sur-les-cookies\/"},"modified":"2026-03-24T09:35:49","modified_gmt":"2026-03-24T08:35:49","slug":"politique-sur-les-cookies","status":"publish","type":"page","link":"https:\/\/elpinar.eu\/fr\/politique-sur-les-cookies\/","title":{"rendered":"Politique sur les cookies"},"content":{"rendered":"\n<section class=\"wp-block-microbio-blocks-section-v2 is-style-section-pd-xl child-default section-align-center alignfull\" style=\"--min-height:0;--min-height-mobile:0\" data-animation-enter=\"alpha\"><h1 class=\"wp-block-post-title has-heading-2-font-size\">Politique sur les cookies<\/h1>\n\n\n<p>Ce site <a href=\"https:\/\/elpinar.eu\/\">web https:\/\/elpinar.eu\/<\/a> (le \u00ab <strong>Site \u00bb<\/strong>), appartenant \u00e0 <strong>EL PINAR BERRIES, S.L.U.<\/strong> (ci-apr\u00e8s les \u00ab <strong>PINAR BERRIES \u00bb),<\/strong> utilise une technologie appel\u00e9e \u00ab cookies \u00bb afin de collecter des informations sur l\u2019utilisation que vous en faites afin de faciliter la navigation, vous distinguer des autres utilisateurs et analyser vos habitudes de navigation.<\/p>\n\n\n\n<p>Le but de cette politique sur les cookies est de vous informer clairement et pr\u00e9cis\u00e9ment des cookies utilis\u00e9s sur notre site web (la \u00ab <strong>Politique de cookies<\/strong> \u00bb).<\/p>\n\n\n\n<ol class=\"wp-block-list\">\n<li><strong>QU\u2019EST-CE QUE LES COOKIES ?<\/strong><\/li>\n<\/ol>\n\n\n\n<p>Un cookie est un fichier t\u00e9l\u00e9charg\u00e9 sur votre ordinateur (ordinateur ou appareil mobile) afin de stocker des donn\u00e9es de navigation qui peuvent \u00eatre mises \u00e0 jour et r\u00e9cup\u00e9r\u00e9es par l\u2019entit\u00e9 responsable de son installation.<\/p>\n\n\n\n<p>Les informations recueillies via les cookies peuvent inclure l\u2019adresse IP, la date et l\u2019heure des visites du site web, les pages consult\u00e9es sur le site, le temps pass\u00e9 sur le site web et les sites consult\u00e9s juste avant et apr\u00e8s le site ainsi que d\u2019autres donn\u00e9es de navigation. Ainsi, les cookies nous permettent d\u2019obtenir des informations sur vos habitudes de navigation. <\/p>\n\n\n\n<p>Nos usages sp\u00e9cifiques des cookies sont d\u00e9crits ci-dessous.<\/p>\n\n\n\n<ol start=\"2\" class=\"wp-block-list\">\n<li><strong>TYPES DE COOKIES UTILIS\u00c9S SUR LE SITE WEB ET FINALIT\u00c9S.<\/strong><\/li>\n<\/ol>\n\n\n\n<p>Les types de cookies suivants sont utilis\u00e9s sur ce site web :<\/p>\n\n\n\n<ul class=\"wp-block-list\">\n<li><strong>Cookies techniques<\/strong>. &#8211; Ce sont ceux qui permettent \u00e0 l\u2019utilisateur de naviguer sur le site web et d\u2019utiliser les diff\u00e9rentes options ou services qui y sont propos\u00e9s. Leur <strong>utilisation ne n\u00e9cessite pas leur consentement<\/strong> car elles sont exclues du champ d\u2019application de l\u2019article 22.2 de la loi 34\/2002, du 11 juillet, concernant les services de la soci\u00e9t\u00e9 de l\u2019information et le commerce \u00e9lectronique. <\/li>\n<\/ul>\n\n\n\n<ul class=\"wp-block-list\">\n<li><strong>Cookies d\u2019analyse ou de mesure<\/strong>. &#8211; Ce sont ceux qui permettent de quantifier le nombre d\u2019utilisateurs et ainsi de mesurer et d\u2019analyser statistiquement l\u2019utilisation effectu\u00e9e par l\u2019utilisateur des services propos\u00e9s via le site web. \u00c0 cette fin, votre navigation sur notre site web est analys\u00e9e afin d\u2019am\u00e9liorer la gamme de services que nous vous proposons.   <\/li>\n<\/ul>\n\n\n\n<ol start=\"3\" class=\"wp-block-list\">\n<li><strong>IDENTIFICATION DES UTILISATEURS DE COOKIES.<\/strong><\/li>\n<\/ol>\n\n\n\n<p>Les cookies utilis\u00e9s par ce site web sont d\u00e9taill\u00e9s ci-dessous.<\/p>\n\n\n\n<p>Certains sont <strong>des cookies de premi\u00e8re partie<\/strong>, c\u2019est-\u00e0-dire des cookies cr\u00e9\u00e9s depuis un ordinateur ou un domaine g\u00e9r\u00e9 par PINAR BERRIES.<\/p>\n\n\n\n<p>D\u2019autres sont <strong>des cookies tiers<\/strong>, c\u2019est-\u00e0-dire envoy\u00e9s depuis un ordinateur ou un domaine g\u00e9r\u00e9 par un tiers qui traite les donn\u00e9es obtenues via les cookies.<\/p>\n\n\n\n<figure class=\"wp-block-table\"><table class=\"has-fixed-layout\"><tbody><tr><td class=\"has-text-align-left\" data-align=\"left\"><strong>Cookies<\/strong><\/td><td class=\"has-text-align-left\" data-align=\"left\"><strong>Objectif<\/strong><\/td><td class=\"has-text-align-left\" data-align=\"left\"><strong>Description objectif<\/strong><\/td><td class=\"has-text-align-left\" data-align=\"left\"><strong>Titre et lien<\/strong><\/td><td class=\"has-text-align-left\" data-align=\"left\"><strong>Dur\u00e9e<\/strong><\/td><\/tr><tr><td class=\"has-text-align-left\" data-align=\"left\">_icl_visitor_lang_js<\/td><td class=\"has-text-align-left\" data-align=\"left\">Fonctionnel<\/td><td class=\"has-text-align-left\" data-align=\"left\">Cookie pour stocker la redirection de la langue s\u00e9lectionn\u00e9e<\/td><td class=\"has-text-align-left\" data-align=\"left\">BAIES DE VIGNE<\/td><td class=\"has-text-align-left\" data-align=\"left\">1 jour<\/td><\/tr><tr><td class=\"has-text-align-left\" data-align=\"left\">Google Analytics (_ga)<\/td><td class=\"has-text-align-left\" data-align=\"left\">Analytique<\/td><td class=\"has-text-align-left\" data-align=\"left\">Il sert \u00e0 identifier et distinguer un utilisateur. Ils stockent un identifiant client unique (identifiant client), qui est g\u00e9n\u00e9r\u00e9 al\u00e9atoirement. Il est utilis\u00e9 pour calculer les interactions des utilisateurs (visites, donn\u00e9es utilisateurs, sessions et campagnes), afin d\u2019optimiser les services qu\u2019ils proposent.  <\/td><td class=\"has-text-align-left\" data-align=\"left\">Google<\/td><td class=\"has-text-align-left\" data-align=\"left\">2 ans<\/td><\/tr><tr><td class=\"has-text-align-left\" data-align=\"left\">wpml_browser_redirect_test<\/td><td class=\"has-text-align-left\" data-align=\"left\">  Fonctionnel<\/td><td class=\"has-text-align-left\" data-align=\"left\">Cookie pour v\u00e9rifier si les cookies sont activ\u00e9s<\/td><td class=\"has-text-align-left\" data-align=\"left\">BAIES DE VIGNE<\/td><td class=\"has-text-align-left\" data-align=\"left\">Session<\/td><\/tr><tr><td class=\"has-text-align-left\" data-align=\"left\">WP-wpml_current_language<\/td><td class=\"has-text-align-left\" data-align=\"left\">Fonctionnel<\/td><td class=\"has-text-align-left\" data-align=\"left\">Cookie pour stocker la langue s\u00e9lectionn\u00e9e<\/td><td class=\"has-text-align-left\" data-align=\"left\">BAIES DE VIGNE<\/td><td class=\"has-text-align-left\" data-align=\"left\">1 jour<\/td><\/tr><\/tbody><\/table><\/figure>\n\n\n\n<ol start=\"4\" class=\"wp-block-list\">\n<li><strong>CONSENTEMENT ET R\u00c9VOCATION DE L\u2019UTILISATION DES COOKIES.<\/strong><\/li>\n<\/ol>\n\n\n\n<p>L\u2019utilisateur peut activer ou d\u00e9sactiver l\u2019utilisation des cookies directement depuis la banni\u00e8re ou l\u2019avis de cookies et le panneau des pr\u00e9f\u00e9rences associ\u00e9 qui appara\u00eetra lors de sa premi\u00e8re visite sur le site web, ainsi que via l\u2019outil de cookies.  <\/p>\n\n\n\n<p>Si vous cliquez sur le bouton \u00ab Accepter \u00bb de la banni\u00e8re ou de l\u2019outil, vous autorisez tous les cookies \u00e0 \u00eatre utilis\u00e9s. Si vous ne souhaitez pas que nous utilisions aucun des cookies, vous pouvez le s\u00e9lectionner dans le panneau des param\u00e8tres, en cliquant sur le bouton \u00ab Configurer \u00bb sur la banni\u00e8re ou l\u2019outil, et si vous souhaitez les supprimer, vous devez cliquer sur le bouton \u00ab Refuser \u00bb de la banni\u00e8re ou de l\u2019outil.   <\/p>\n\n\n\n<p>Vous pouvez \u00e9galement bloquer ou supprimer les cookies en modifiant les param\u00e8tres de votre navigateur. Si vous supprimez tous les cookies de ce site via votre navigateur, vous supprimerez \u00e9galement les options de configuration que vous avez choisies pour nos cookies (acceptation, rejet ou r\u00e9vocation de leur utilisation). Vous trouverez ci-dessous des informations sur la gestion de l\u2019utilisation des cookies selon le navigateur utilis\u00e9 :  <\/p>\n\n\n\n<figure class=\"wp-block-table\"><table class=\"has-fixed-layout\"><tbody><tr><td class=\"has-text-align-left\" data-align=\"left\">Firefox<\/td><td class=\"has-text-align-left\" data-align=\"left\">https:\/\/support.mozilla.org\/es\/kb\/habilitar-y-deshabilitar-cookies-sitios-web-rastrear-preferencias\n <\/td><\/tr><tr><td class=\"has-text-align-left\" data-align=\"left\">Chrome<\/td><td class=\"has-text-align-left\" data-align=\"left\">https:\/\/support.google.com\/chrome\/answer\/95647?co=GENIE.Platform%3DDesktop&amp;hl=es<\/td><\/tr><tr><td class=\"has-text-align-left\" data-align=\"left\">Safari<\/td><td class=\"has-text-align-left\" data-align=\"left\">https:\/\/support.apple.com\/es-es\/guide\/safari\/sfri11471\/mac<\/td><\/tr><tr><td class=\"has-text-align-left\" data-align=\"left\">Internet Explorer<\/td><td class=\"has-text-align-left\" data-align=\"left\">https:\/\/support.microsoft.com\/es-es\/help\/17442\/windows-internet-explorer-delete-manage-cookies<\/td><\/tr><tr><td class=\"has-text-align-left\" data-align=\"left\">Microsoft Edge<\/td><td class=\"has-text-align-left\" data-align=\"left\">https:\/\/privacy.microsoft.com\/es-es\/windows-10-microsoft-edge-and-privacy<\/td><\/tr><\/tbody><\/table><\/figure>\n\n\n\n<p>Veuillez noter que si vous acceptez les cookies tiers, vous devrez les supprimer des options de votre navigateur ou du syst\u00e8me propos\u00e9 par le tiers.<\/p>\n\n\n\n<ol start=\"5\" class=\"wp-block-list\">\n<li><strong>TRANSFERTS INTERNATIONAUX DE DONN\u00c9ES<\/strong><\/li>\n<\/ol>\n\n\n\n<p>Sur notre site web, nous utilisons Google Analytics, un outil d\u2019analyse web de Google LLC. (\u00ab\u00a0Google\u00a0\u00bb), situ\u00e9 au 1600 Amphitheatre Parkway, Mountain View, California 94043 (\u00c9tats-Unis), qui nous permet de savoir comment les utilisateurs interagissent avec notre site web. Gr\u00e2ce \u00e0 cela, nous obtenons des informations qui peuvent nous aider \u00e0 am\u00e9liorer la navigation et \u00e0 offrir un meilleur service \u00e0 l\u2019utilisateur. L\u2019utilisation de Google Analytics implique un transfert international de donn\u00e9es vers Google (\u00c9tats-Unis), couvert par la formalisation des clauses contractuelles standard approuv\u00e9es par la Commission europ\u00e9enne (art. 46.2 c) du RGPD). Vous pouvez en apprendre davantage \u00e0 <a href=\"https:\/\/business.safety.google\/gdpr\/#international-transfers\" rel=\"nofollow noopener\" target=\"_blank\">https:\/\/business.safety.google\/gdpr\/#international-transfers<\/a>.      <\/p>\n\n\n\n<ol start=\"6\" class=\"wp-block-list\">\n<li><strong>MODIFICATIONS DE LA POLITIQUE SUR LES COOKIES<\/strong><\/li>\n<\/ol>\n\n\n\n<p>Nous pouvons mettre \u00e0 jour la politique relative aux cookies de notre site web, auquel cas nous vous informerons d\u00fbment de la nouvelle version.<\/p>\n\n\n\n<ol start=\"7\" class=\"wp-block-list\">\n<li><strong>POLITIQUE DE CONFIDENTIALIT\u00c9<\/strong><\/li>\n<\/ol>\n\n\n\n<p>Vous pouvez consulter notre <a href=\"https:\/\/elpinar.eu\/politica-de-privacidad\/\">politique de confidentialit\u00e9<\/a> pour plus d\u2019informations sur le traitement des donn\u00e9es personnelles.<\/p>\n\n\n\n<ol start=\"8\" class=\"wp-block-list\">\n<li><strong>CONTACT<\/strong><\/li>\n<\/ol>\n\n\n\n<p>Si vous avez des questions, des commentaires ou des suggestions concernant la politique sur les cookies, veuillez nous contacter \u00e0 <a href=\"mailto:gdpr@elpinar.eu\">gdpr@elpinar.eu<\/a>.  <\/p>\n<\/section>\n","protected":false},"excerpt":{"rendered":"","protected":false},"author":1,"featured_media":0,"parent":0,"menu_order":0,"comment_status":"closed","ping_status":"closed","template":"","meta":{"footnotes":""},"class_list":["post-4828","page","type-page","status-publish","hentry"],"_links":{"self":[{"href":"https:\/\/elpinar.eu\/fr\/wp-json\/wp\/v2\/pages\/4828","targetHints":{"allow":["GET"]}}],"collection":[{"href":"https:\/\/elpinar.eu\/fr\/wp-json\/wp\/v2\/pages"}],"about":[{"href":"https:\/\/elpinar.eu\/fr\/wp-json\/wp\/v2\/types\/page"}],"author":[{"embeddable":true,"href":"https:\/\/elpinar.eu\/fr\/wp-json\/wp\/v2\/users\/1"}],"replies":[{"embeddable":true,"href":"https:\/\/elpinar.eu\/fr\/wp-json\/wp\/v2\/comments?post=4828"}],"version-history":[{"count":1,"href":"https:\/\/elpinar.eu\/fr\/wp-json\/wp\/v2\/pages\/4828\/revisions"}],"predecessor-version":[{"id":4829,"href":"https:\/\/elpinar.eu\/fr\/wp-json\/wp\/v2\/pages\/4828\/revisions\/4829"}],"wp:attachment":[{"href":"https:\/\/elpinar.eu\/fr\/wp-json\/wp\/v2\/media?parent=4828"}],"curies":[{"name":"wp","href":"https:\/\/api.w.org\/{rel}","templated":true}]}}